{"id":157,"date":"2017-07-11T06:36:32","date_gmt":"2017-07-11T06:36:32","guid":{"rendered":"http:\/\/clinicadearosreto.com\/web\/?page_id=157"},"modified":"2017-09-04T18:04:05","modified_gmt":"2017-09-04T18:04:05","slug":"quienes-somos","status":"publish","type":"page","link":"http:\/\/clinicadearosreto.com\/web\/quienes-somos\/","title":{"rendered":"Nosotros"},"content":{"rendered":"<p>[et_pb_section admin_label=\u00bbsection\u00bb fullwidth=\u00bbon\u00bb transparent_background=\u00bboff\u00bb background_color=\u00bb#2c2e83&#8243; allow_player_pause=\u00bboff\u00bb inner_shadow=\u00bboff\u00bb parallax=\u00bboff\u00bb parallax_method=\u00bboff\u00bb padding_mobile=\u00bboff\u00bb make_fullwidth=\u00bboff\u00bb use_custom_width=\u00bboff\u00bb width_unit=\u00bbon\u00bb make_equal=\u00bboff\u00bb use_custom_gutter=\u00bboff\u00bb][et_pb_fullwidth_image admin_label=\u00bbFullwidth Image\u00bb show_in_lightbox=\u00bboff\u00bb url_new_window=\u00bboff\u00bb use_overlay=\u00bboff\u00bb animation=\u00bbleft\u00bb use_border_color=\u00bboff\u00bb border_color=\u00bb#ffffff\u00bb border_style=\u00bbsolid\u00bb src=\u00bbhttp:\/\/clinicadearosreto.com\/web\/wp-content\/uploads\/2017\/07\/banner-internos-qs-2.jpg\u00bb] [\/et_pb_fullwidth_image][\/et_pb_section][et_pb_section admin_label=\u00bbsection\u00bb fullwidth=\u00bboff\u00bb transparent_background=\u00bboff\u00bb background_color=\u00bb2C2E83&#8243; allow_player_pause=\u00bboff\u00bb inner_shadow=\u00bboff\u00bb parallax=\u00bboff\u00bb parallax_method=\u00bboff\u00bb padding_mobile=\u00bboff\u00bb make_fullwidth=\u00bboff\u00bb use_custom_width=\u00bboff\u00bb width_unit=\u00bbon\u00bb make_equal=\u00bboff\u00bb use_custom_gutter=\u00bboff\u00bb][et_pb_row admin_label=\u00bbRow\u00bb][et_pb_column type=\u00bb1_3&#8243;][et_pb_image admin_label=\u00bbImage\u00bb src=\u00bbhttp:\/\/clinicadearosreto.com\/web\/wp-content\/uploads\/2017\/07\/certificado.jpg\u00bb show_in_lightbox=\u00bboff\u00bb url_new_window=\u00bboff\u00bb use_overlay=\u00bboff\u00bb animation=\u00bbleft\u00bb sticky=\u00bboff\u00bb align=\u00bbleft\u00bb force_fullwidth=\u00bboff\u00bb always_center_on_mobile=\u00bbon\u00bb use_border_color=\u00bboff\u00bb border_color=\u00bb#ffffff\u00bb border_style=\u00bbsolid\u00bb] [\/et_pb_image][et_pb_image admin_label=\u00bbImage\u00bb src=\u00bbhttp:\/\/clinicadearosreto.com\/web\/wp-content\/uploads\/2017\/07\/premio.png\u00bb show_in_lightbox=\u00bboff\u00bb url_new_window=\u00bboff\u00bb use_overlay=\u00bboff\u00bb animation=\u00bbleft\u00bb sticky=\u00bboff\u00bb align=\u00bbleft\u00bb force_fullwidth=\u00bboff\u00bb always_center_on_mobile=\u00bbon\u00bb use_border_color=\u00bboff\u00bb border_color=\u00bb#ffffff\u00bb border_style=\u00bbsolid\u00bb] [\/et_pb_image][\/et_pb_column][et_pb_column type=\u00bb1_3&#8243;][et_pb_blurb admin_label=\u00bbBlurb\u00bb title=\u00bbQuienes Somos &#8211; Historia\u00bb url_new_window=\u00bboff\u00bb animation=\u00bboff\u00bb background_layout=\u00bblight\u00bb text_orientation=\u00bbleft\u00bb icon_placement=\u00bbleft\u00bb font_icon=\u00bb%%5%%\u00bb use_icon=\u00bbon\u00bb use_circle=\u00bboff\u00bb use_circle_border=\u00bboff\u00bb icon_color=\u00bb#7c4dd5&#8243; circle_color=\u00bb#7c4dd5&#8243; circle_border_color=\u00bb#2caaca\u00bb use_icon_font_size=\u00bboff\u00bb use_border_color=\u00bboff\u00bb border_color=\u00bb#ffffff\u00bb border_style=\u00bbsolid\u00bb header_font=\u00bb|on|||\u00bb header_text_color=\u00bb#2c2e83&#8243;]<\/p>\n<div>\n<p>Cl\u00ednica de Aros Reto S.A.C., es una empresa dedicada a la reparaci\u00f3n y mantenimiento de aros de todo tipo de autom\u00f3viles, contamos con una experiencia y permanencia en el mercado desde hace 10 a\u00f1os, nuestra preocupaci\u00f3n permanente es brindar un servicio de calidad con eficacia y responsabilidad, esforz\u00e1ndonos cada vez en ser mejores mediante la innovaci\u00f3n para brindarles el mejor servicio del mercado y con la calidad garantizada.<\/p>\n<p><strong>HISTORIA:<\/strong><strong>\u00a0<\/strong><\/p>\n<p>La Empresa inicio sus actividades el 01 de octubre del 2010 con el nombre de AROS RETO, fundada el Sr. Julio Reto Sosa, la cual despu\u00e9s tuvo el apoyo de su hermano Andr\u00e9s Reto Sosa, ellos formaron parte de varias empresas dedicadas a la reparaci\u00f3n de aros y se especializaron e invirtieron un capital para la creaci\u00f3n de la empresa.<\/p>\n<\/div>\n<div>\n<p>Con la satisfacci\u00f3n del cliente como objetivo principal, la empresa transito un ininterrumpido crecimiento debido a las competencias del medio y a lo dif\u00edcil del mercado automotriz, la cual se tradujo en el desarrollo de objetivos y metas que se fueron consiguiendo durante el tiempo con un trabajo de buena calidad y garant\u00eda para nuestros clientes a nivel local y pr\u00f3ximamente a nivel nacional.<\/p>\n<p>Debido al crecimiento, al inicio del 2016 gestionamos el cambio de raz\u00f3n social de la empresa por CLINICA DE AROS RETO S.A.C., la cual hoy en d\u00eda contamos una buena imagen de calidad en el mercado automotriz debido a nuestro servicio de reparaciones de aros; y seguiremos con la misma actitud de trabajo, demostrando solidez y garant\u00eda ya que contamos con el personal adecuado para alcanzar el \u00e9xito.<\/p>\n<\/div>\n<p>[\/et_pb_blurb][\/et_pb_column][et_pb_column type=\u00bb1_3&#8243;][et_pb_blurb admin_label=\u00bbBlurb\u00bb title=\u00bbVisi\u00f3n &#8211; Misi\u00f3n &#8211; Valores\u00bb url_new_window=\u00bboff\u00bb animation=\u00bboff\u00bb background_layout=\u00bblight\u00bb text_orientation=\u00bbleft\u00bb icon_placement=\u00bbleft\u00bb font_icon=\u00bb%%3%%\u00bb use_icon=\u00bbon\u00bb use_circle=\u00bboff\u00bb use_circle_border=\u00bboff\u00bb icon_color=\u00bb#7c4dd5&#8243; circle_color=\u00bb#7c4dd5&#8243; circle_border_color=\u00bb#2caaca\u00bb use_icon_font_size=\u00bboff\u00bb use_border_color=\u00bboff\u00bb border_color=\u00bb#ffffff\u00bb border_style=\u00bbsolid\u00bb header_text_color=\u00bb#2c2e83&#8243; header_font=\u00bb|on|||\u00bb]<\/p>\n<div>\n<p><strong>MISI\u00d3N:<br \/>\n<\/strong>\u201cSomos una empresa s\u00f3lida que contamos con talento Humano calificado para brindar un servicio de calidad en la reparaci\u00f3n de aros de aleaci\u00f3n de todo tipo de autom\u00f3viles, proporcion\u00e1ndoles a nuestros clientes un servicio de calidad, confianza, seguridad y satisfacci\u00f3n a nuestros clientes\u201d<\/p>\n<p><strong>VISI\u00d3N:<br \/>\n<\/strong>\u201cSer reconocidos a nivel Nacional como la mejor opci\u00f3n en la reparaci\u00f3n y mantenimiento de aros de aleaci\u00f3n de todo tipo de autom\u00f3viles, brindando un servicio de calidad a nuestros consumidores, tal como ellos lo exigen, y se lo merecen.\u201d<\/p>\n<p><strong>VALORES:<\/strong><\/p>\n<ul>\n<li><strong>Integridad: <\/strong>Significa que somos honestos y responsables en todo lo que ofrecemos.<\/li>\n<li><strong>Calidad: <\/strong>Ofrecemos el servicio de alta calidad.<\/li>\n<li><strong>Comunicaci\u00f3n: <\/strong>Es el \u00fanico \u00e9xito para el trabajo en equipo.<\/li>\n<li><strong>Respeto: <\/strong>Tratamos a las personas, clientes, colaboradores con el mayor respeto y dignidad.<\/li>\n<li><strong>Trabajo en equipo: <\/strong>Orientados al logro de los objetivos.<\/li>\n<li><strong>Compa\u00f1erismo: <\/strong>Apoyo mutuo en los trabajos diarios.<\/li>\n<\/ul>\n<\/div>\n<p>[\/et_pb_blurb][\/et_pb_column][\/et_pb_row][\/et_pb_section][et_pb_section admin_label=\u00bbsection\u00bb fullwidth=\u00bboff\u00bb background_color=\u00bb#2c2e83&#8243; inner_shadow=\u00bboff\u00bb parallax=\u00bboff\u00bb transparent_background=\u00bboff\u00bb allow_player_pause=\u00bboff\u00bb parallax_method=\u00bboff\u00bb padding_mobile=\u00bboff\u00bb make_fullwidth=\u00bboff\u00bb use_custom_width=\u00bboff\u00bb width_unit=\u00bbon\u00bb make_equal=\u00bboff\u00bb use_custom_gutter=\u00bboff\u00bb][et_pb_row admin_label=\u00bbrow\u00bb][et_pb_column type=\u00bb4_4&#8243;][et_pb_text admin_label=\u00bbText\u00bb background_layout=\u00bblight\u00bb text_orientation=\u00bbcenter\u00bb use_border_color=\u00bboff\u00bb border_color=\u00bb#ffffff\u00bb border_style=\u00bbsolid\u00bb text_font_size=\u00bb30&#8243; text_text_color=\u00bb#ffffff\u00bb]<\/p>\n<p>Galer\u00eda de Videos<\/p>\n<p>[\/et_pb_text][\/et_pb_column][\/et_pb_row][et_pb_row admin_label=\u00bbrow\u00bb][et_pb_column type=\u00bb1_3&#8243;][et_pb_video admin_label=\u00bbVideo\u00bb style=\u00bb%22border: none; overflow: hidden%22;\u00bb src=\u00bbhttps:\/\/youtu.be\/uN5KeD9ig1Q\u00bb width=\u00bb%22560%22&#8243; height=\u00bb%22315%22&#8243; frameborder=\u00bb%220%22&#8243; scrolling=\u00bb%22no%22&#8243;] [\/et_pb_video][\/et_pb_column][et_pb_column type=\u00bb1_3&#8243;][et_pb_video admin_label=\u00bbVideo\u00bb style=\u00bb%22border: none; overflow: hidden%22;\u00bb src=\u00bbhttps:\/\/youtu.be\/&#8211;UceTxUmBs\u00bb width=\u00bb%22560%22&#8243; height=\u00bb%22315%22&#8243; frameborder=\u00bb%220%22&#8243; scrolling=\u00bb%22no%22&#8243;] [\/et_pb_video][\/et_pb_column][et_pb_column type=\u00bb1_3&#8243;][et_pb_video admin_label=\u00bbVideo\u00bb style=\u00bb%22border: none; overflow: hidden%22;\u00bb src=\u00bbhttps:\/\/youtu.be\/EGu-o5shO7Q\u00bb width=\u00bb%22560%22&#8243; height=\u00bb%22315%22&#8243; frameborder=\u00bb%220%22&#8243; scrolling=\u00bb%22no%22&#8243;] [\/et_pb_video][\/et_pb_column][\/et_pb_row][\/et_pb_section][et_pb_section admin_label=\u00bbsection\u00bb fullwidth=\u00bboff\u00bb background_color=\u00bb#27323a\u00bb inner_shadow=\u00bboff\u00bb parallax=\u00bboff\u00bb][et_pb_row admin_label=\u00bbrow\u00bb][et_pb_column type=\u00bb4_4&#8243;][et_pb_text admin_label=\u00bbText\u00bb background_layout=\u00bbdark\u00bb text_orientation=\u00bbcenter\u00bb use_border_color=\u00bboff\u00bb border_color=\u00bb#ffffff\u00bb border_style=\u00bbsolid\u00bb]<\/p>\n<h1>Nuestro Trabajo<\/h1>\n<p>[\/et_pb_text][\/et_pb_column][\/et_pb_row][et_pb_row admin_label=\u00bbrow\u00bb][et_pb_column type=\u00bb4_4&#8243;][et_pb_gallery admin_label=\u00bbGallery\u00bb gallery_ids=\u00bb122,123,124,125,126,127,128,129,130,131,132,133,134,135,136,137,138,139,140&#8243; fullwidth=\u00bboff\u00bb show_title_and_caption=\u00bbon\u00bb show_pagination=\u00bbon\u00bb background_layout=\u00bblight\u00bb auto=\u00bboff\u00bb hover_overlay_color=\u00bbrgba(255,255,255,0.9)\u00bb caption_all_caps=\u00bboff\u00bb use_border_color=\u00bboff\u00bb border_color=\u00bb#ffffff\u00bb border_style=\u00bbsolid\u00bb posts_number=\u00bb8&#8243;] [\/et_pb_gallery][\/et_pb_column][\/et_pb_row][\/et_pb_section][et_pb_section admin_label=\u00bbsection\u00bb fullwidth=\u00bboff\u00bb background_color=\u00bb#190000&#8243; inner_shadow=\u00bboff\u00bb parallax=\u00bboff\u00bb transparent_background=\u00bboff\u00bb allow_player_pause=\u00bboff\u00bb parallax_method=\u00bboff\u00bb padding_mobile=\u00bboff\u00bb make_fullwidth=\u00bboff\u00bb use_custom_width=\u00bboff\u00bb width_unit=\u00bbon\u00bb make_equal=\u00bboff\u00bb use_custom_gutter=\u00bboff\u00bb background_image=\u00bbhttp:\/\/clinicadearosreto.com\/web\/wp-content\/uploads\/2017\/07\/presupuesto-1.jpg\u00bb][et_pb_row admin_label=\u00bbrow\u00bb][et_pb_column type=\u00bb4_4&#8243;][et_pb_cta admin_label=\u00bbCall To Action\u00bb background_color=\u00bb#7ebec5&#8243; use_background_color=\u00bboff\u00bb background_layout=\u00bbdark\u00bb text_orientation=\u00bbright\u00bb button_url=\u00bbhttp:\/\/clinicadearosreto.com\/web\/contactenos\/\u00bb button_text=\u00bbCont\u00e1ctenos\u00bb url_new_window=\u00bboff\u00bb use_border_color=\u00bboff\u00bb border_color=\u00bb#ffffff\u00bb border_style=\u00bbsolid\u00bb custom_button=\u00bboff\u00bb button_letter_spacing=\u00bb0&#8243; button_use_icon=\u00bbdefault\u00bb button_icon_placement=\u00bbright\u00bb button_on_hover=\u00bbon\u00bb button_letter_spacing_hover=\u00bb0&#8243;]<\/p>\n<p>&nbsp;<\/p>\n<h1>Necesitas un presupuesto?<\/h1>\n<p>&nbsp;<\/p>\n<p>&nbsp;<\/p>\n<p>[\/et_pb_cta][\/et_pb_column][\/et_pb_row][\/et_pb_section][et_pb_section admin_label=\u00bbsection\u00bb fullwidth=\u00bboff\u00bb background_color=\u00bb#ec6d5f\u00bb inner_shadow=\u00bboff\u00bb parallax=\u00bboff\u00bb background_image=\u00bbhttp:\/\/clinicadearosreto.com\/web\/wp-content\/uploads\/2017\/07\/contactenos-1.jpg\u00bb transparent_background=\u00bboff\u00bb allow_player_pause=\u00bboff\u00bb parallax_method=\u00bboff\u00bb padding_mobile=\u00bboff\u00bb make_fullwidth=\u00bboff\u00bb use_custom_width=\u00bboff\u00bb width_unit=\u00bbon\u00bb make_equal=\u00bboff\u00bb use_custom_gutter=\u00bboff\u00bb][et_pb_row admin_label=\u00bbrow\u00bb][et_pb_column type=\u00bb1_2&#8243;][et_pb_blurb admin_label=\u00bbBlurb\u00bb title=\u00bbDireccion\u00bb url_new_window=\u00bboff\u00bb icon_placement=\u00bbleft\u00bb font_icon=\u00bbR\u00bb use_icon=\u00bbon\u00bb use_circle=\u00bboff\u00bb use_circle_border=\u00bboff\u00bb icon_color=\u00bb#ec6d5f\u00bb circle_color=\u00bb#2caaca\u00bb circle_border_color=\u00bb#2caaca\u00bb animation=\u00bbbottom\u00bb background_layout=\u00bbdark\u00bb text_orientation=\u00bbcenter\u00bb use_icon_font_size=\u00bboff\u00bb use_border_color=\u00bboff\u00bb border_color=\u00bb#ffffff\u00bb border_style=\u00bbsolid\u00bb]<\/p>\n<div><span class=\"_50f4\">Av mateo pumacahua MZ B LT 4 Villa el Salvador.<\/span><\/div>\n<div><span class=\"_50f4\">Lima<\/span><\/div>\n<p><span style=\"color: #bbbbbb;\"><span style=\"color: #bbbbbb;\"><span style=\"color: #bbbbbb;\"><span style=\"color: #bbbbbb;\"> [\/et_pb_blurb][et_pb_blurb admin_label=\u00bbBlurb\u00bb title=\u00bbTel\u00e9fonos\u00bb url_new_window=\u00bboff\u00bb icon_placement=\u00bbleft\u00bb font_icon=\u00bbR\u00bb use_icon=\u00bbon\u00bb use_circle=\u00bboff\u00bb use_circle_border=\u00bboff\u00bb icon_color=\u00bb#1fa0e3&#8243; circle_color=\u00bb#2caaca\u00bb circle_border_color=\u00bb#2caaca\u00bb animation=\u00bbright\u00bb background_layout=\u00bbdark\u00bb text_orientation=\u00bbcenter\u00bb use_icon_font_size=\u00bboff\u00bb use_border_color=\u00bboff\u00bb border_color=\u00bb#ffffff\u00bb border_style=\u00bbsolid\u00bb] <\/span><\/span><\/span><\/span><\/p>\n<p>(511) 2925710 \u2013 993365051 \u2013 981578455<\/p>\n<p><span style=\"color: #bbbbbb;\"><span style=\"color: #bbbbbb;\"><span style=\"color: #bbbbbb;\"><span style=\"color: #bbbbbb;\"> [\/et_pb_blurb][et_pb_blurb admin_label=\u00bbBlurb\u00bb title=\u00bbCorreo\u00bb url_new_window=\u00bboff\u00bb icon_placement=\u00bbleft\u00bb font_icon=\u00bbR\u00bb use_icon=\u00bbon\u00bb use_circle=\u00bboff\u00bb use_circle_border=\u00bboff\u00bb icon_color=\u00bb#47bfa4&#8243; circle_color=\u00bb#2caaca\u00bb circle_border_color=\u00bb#2caaca\u00bb animation=\u00bbtop\u00bb background_layout=\u00bbdark\u00bb text_orientation=\u00bbcenter\u00bb use_icon_font_size=\u00bboff\u00bb use_border_color=\u00bboff\u00bb border_color=\u00bb#ffffff\u00bb border_style=\u00bbsolid\u00bb] <\/span><\/span><\/span><\/span><\/p>\n<p>asesordeservicios@clinicadearosreto.com<\/p>\n<p><span style=\"color: #bbbbbb;\"><span style=\"color: #bbbbbb;\"><span style=\"color: #bbbbbb;\"><span style=\"color: #bbbbbb;\"> [\/et_pb_blurb][\/et_pb_column][et_pb_column type=\u00bb1_2&#8243;][et_pb_image admin_label=\u00bbImage\u00bb src=\u00bbhttp:\/\/clinicadearosreto.com\/web\/wp-content\/uploads\/2017\/07\/direccion.jpg\u00bb url_new_window=\u00bboff\u00bb animation=\u00bbbottom\u00bb show_in_lightbox=\u00bboff\u00bb use_overlay=\u00bboff\u00bb sticky=\u00bboff\u00bb align=\u00bbleft\u00bb force_fullwidth=\u00bboff\u00bb always_center_on_mobile=\u00bbon\u00bb use_border_color=\u00bboff\u00bb border_color=\u00bb#ffffff\u00bb border_style=\u00bbsolid\u00bb] [\/et_pb_image][\/et_pb_column][\/et_pb_row][\/et_pb_section]<\/span><\/span><\/span><\/span><\/p>\n","protected":false},"excerpt":{"rendered":"<p>[et_pb_section admin_label=\u00bbsection\u00bb fullwidth=\u00bbon\u00bb transparent_background=\u00bboff\u00bb background_color=\u00bb#2c2e83&#8243; allow_player_pause=\u00bboff\u00bb inner_shadow=\u00bboff\u00bb parallax=\u00bboff\u00bb parallax_method=\u00bboff\u00bb padding_mobile=\u00bboff\u00bb make_fullwidth=\u00bboff\u00bb use_custom_width=\u00bboff\u00bb width_unit=\u00bbon\u00bb make_equal=\u00bboff\u00bb use_custom_gutter=\u00bboff\u00bb][et_pb_fullwidth_image admin_label=\u00bbFullwidth Image\u00bb show_in_lightbox=\u00bboff\u00bb url_new_window=\u00bboff\u00bb use_overlay=\u00bboff\u00bb animation=\u00bbleft\u00bb use_border_color=\u00bboff\u00bb border_color=\u00bb#ffffff\u00bb border_style=\u00bbsolid\u00bb src=\u00bbhttp:\/\/clinicadearosreto.com\/web\/wp-content\/uploads\/2017\/07\/banner-internos-qs-2.jpg\u00bb] [\/et_pb_fullwidth_image][\/et_pb_section][et_pb_section admin_label=\u00bbsection\u00bb fullwidth=\u00bboff\u00bb transparent_background=\u00bboff\u00bb background_color=\u00bb2C2E83&#8243; allow_player_pause=\u00bboff\u00bb inner_shadow=\u00bboff\u00bb parallax=\u00bboff\u00bb parallax_method=\u00bboff\u00bb padding_mobile=\u00bboff\u00bb make_fullwidth=\u00bboff\u00bb use_custom_width=\u00bboff\u00bb width_unit=\u00bbon\u00bb make_equal=\u00bboff\u00bb use_custom_gutter=\u00bboff\u00bb][et_pb_row admin_label=\u00bbRow\u00bb][et_pb_column type=\u00bb1_3&#8243;][et_pb_image admin_label=\u00bbImage\u00bb src=\u00bbhttp:\/\/clinicadearosreto.com\/web\/wp-content\/uploads\/2017\/07\/certificado.jpg\u00bb show_in_lightbox=\u00bboff\u00bb url_new_window=\u00bboff\u00bb use_overlay=\u00bboff\u00bb animation=\u00bbleft\u00bb sticky=\u00bboff\u00bb align=\u00bbleft\u00bb force_fullwidth=\u00bboff\u00bb always_center_on_mobile=\u00bbon\u00bb use_border_color=\u00bboff\u00bb border_color=\u00bb#ffffff\u00bb border_style=\u00bbsolid\u00bb] [&hellip;]<\/p>\n","protected":false},"author":1,"featured_media":0,"parent":0,"menu_order":0,"comment_status":"closed","ping_status":"closed","template":"","meta":{"footnotes":""},"class_list":["post-157","page","type-page","status-publish","hentry"],"_links":{"self":[{"href":"http:\/\/clinicadearosreto.com\/web\/wp-json\/wp\/v2\/pages\/157","targetHints":{"allow":["GET"]}}],"collection":[{"href":"http:\/\/clinicadearosreto.com\/web\/wp-json\/wp\/v2\/pages"}],"about":[{"href":"http:\/\/clinicadearosreto.com\/web\/wp-json\/wp\/v2\/types\/page"}],"author":[{"embeddable":true,"href":"http:\/\/clinicadearosreto.com\/web\/wp-json\/wp\/v2\/users\/1"}],"replies":[{"embeddable":true,"href":"http:\/\/clinicadearosreto.com\/web\/wp-json\/wp\/v2\/comments?post=157"}],"version-history":[{"count":18,"href":"http:\/\/clinicadearosreto.com\/web\/wp-json\/wp\/v2\/pages\/157\/revisions"}],"predecessor-version":[{"id":512,"href":"http:\/\/clinicadearosreto.com\/web\/wp-json\/wp\/v2\/pages\/157\/revisions\/512"}],"wp:attachment":[{"href":"http:\/\/clinicadearosreto.com\/web\/wp-json\/wp\/v2\/media?parent=157"}],"curies":[{"name":"wp","href":"https:\/\/api.w.org\/{rel}","templated":true}]}}